{"id":13,"date":"2020-03-12T16:58:27","date_gmt":"2020-03-12T15:58:27","guid":{"rendered":"http:\/\/agenturfotografin.de\/?page_id=13"},"modified":"2024-01-26T17:18:57","modified_gmt":"2024-01-26T16:18:57","slug":"infos-fuer-meine-models","status":"publish","type":"page","link":"https:\/\/agenturfotografin.de\/?page_id=13","title":{"rendered":"Infos f\u00fcr meine Models"},"content":{"rendered":"\n<p class=\"has-text-color\" style=\"color:#0423c1;font-size:15px\"><strong>Daf\u00fcr\nbrauche ich Models <\/strong>\n<\/p>\n\n\n\n<p class=\"has-text-color\" style=\"color:#0423c1;font-size:15px\">Besonders gut verkaufen lassen sich Fotos mit Menschen. Wenn also eine Zeitung einen Artikel zum Thema Burn-Out bringen m\u00f6chte, sucht sie daf\u00fcr vielleicht eine Aufnahme von einem gestresst aussehenden B\u00fcroangestellten, vor dem sich auf dem Schreibtisch riesige Aktenberge stapeln. F\u00fcr solche Bilder brauche ich als Fotografin nat\u00fcrlich ein \u201eModel\u201c. Und da ist es f\u00fcr mich nicht wichtig, dass das Model besonders dekorativ in halsbrecherisch hohen Schuhen herumlaufen, sondern, dass sie oder er gut Emotionen darstellen kann und sich nicht scheut, dabei hin und wieder auch einmal weniger h\u00fcbsch auszusehen \u2013 zum Beispiel bei der Darstellung von Wut.  <\/p>\n\n\n\n<p class=\"has-text-color\" style=\"color:#0423c1;font-size:15px\"><strong>Wen\nich suche <\/strong>\n<\/p>\n\n\n\n<p class=\"has-text-color\" style=\"color:#0423c1;font-size:15px\">Ich suche nat\u00fcrlich aussehende Fotomodelle beiderlei Geschlechts und jeden Alters \u2013 sehr gerne auch Paare oder Familien. Wenn Sie sich daf\u00fcr interessieren, als Model f\u00fcr mich zu arbeiten, dann m\u00f6chte ich Sie bitten, mir eine Mail zu schicken, in der Sie mir Ihr Alter, K\u00f6rper-, Konfektionsgr\u00f6\u00dfe und Wohnort mitteilen. Bitte senden Sie mir auch je ein aktuelles Ganz- und Oberk\u00f6rperfoto (500\u00d7750 Pixel pro Foto sind ausreichend). Damit f\u00e4llt es mir leichter zu \u00fcberlegen, welche Art von Motiven ich mit Ihnen fotografieren kann und m\u00f6chte \u2013 und ob ich daf\u00fcr eventuell noch Requisiten besorgen muss. Sch\u00f6n w\u00e4re es in diesem Zusammenhang auch, wenn Sie mir Ihren Beruf und Hobby(s) verraten w\u00fcrden. Die m\u00f6glichen Motive werde ich dann mit Ihnen absprechen.In den meisten F\u00e4llen werde ich am Tag des eigentlichen Shootings mein Model selbst schminken, zum einen weil ich das gut kann, und zum anderen weil sich so das Make-up an das Thema der Aufnahmen anpassen l\u00e4sst.<\/p>\n\n\n\n<p class=\"has-text-color\" style=\"color:#0423c1;font-size:15px\"><strong>Honorar<\/strong><\/p>\n\n\n\n<p class=\"has-text-color\" style=\"color:#0423c1;font-size:15px\">Die H\u00f6he des Honorars bemisst sich danach, wie aufwendig das Shooting ist und wieviel Erfahrung ein Model hat. Abgesehen davon ist es auch einfach mal interessant bei so einem Shooting dabei zu sein. Und vielleicht findet man dann ja auch irgendwann einmal ein Foto von sich selbst in der \u201eApotheken-Umschau\u201c oder einer anderen Zeitschrift\u2026.<\/p>\n\n\n\n<p class=\"has-text-color\" style=\"color:#0423c1;font-size:15px\">Abschlie\u00dfend muss ich hier leider noch klarstellen, dass die von mir an Sie weitergegebenen Fotos <strong>ausschlie\u00dflich privat<\/strong> benutzt werden d\u00fcrfen. <\/p>\n\n\n\n<p><\/p>\n","protected":false},"excerpt":{"rendered":"<p>Daf\u00fcr brauche ich Models Besonders gut verkaufen lassen sich Fotos mit Menschen. Wenn also eine Zeitung einen Artikel zum Thema Burn-Out bringen m\u00f6chte, sucht sie daf\u00fcr vielleicht eine Aufnahme von einem gestresst aussehenden B\u00fcroangestellten, vor dem sich auf dem Schreibtisch riesige Aktenberge stapeln. F\u00fcr solche Bilder brauche ich als Fotografin nat\u00fcrlich ein \u201eModel\u201c. Und da [&hellip;]<\/p>\n","protected":false},"author":1,"featured_media":0,"parent":0,"menu_order":2,"comment_status":"closed","ping_status":"closed","template":"","meta":{"footnotes":""},"class_list":["post-13","page","type-page","status-publish","hentry"],"_links":{"self":[{"href":"https:\/\/agenturfotografin.de\/index.php?rest_route=\/wp\/v2\/pages\/13","targetHints":{"allow":["GET"]}}],"collection":[{"href":"https:\/\/agenturfotografin.de\/index.php?rest_route=\/wp\/v2\/pages"}],"about":[{"href":"https:\/\/agenturfotografin.de\/index.php?rest_route=\/wp\/v2\/types\/page"}],"author":[{"embeddable":true,"href":"https:\/\/agenturfotografin.de\/index.php?rest_route=\/wp\/v2\/users\/1"}],"replies":[{"embeddable":true,"href":"https:\/\/agenturfotografin.de\/index.php?rest_route=%2Fwp%2Fv2%2Fcomments&post=13"}],"version-history":[{"count":12,"href":"https:\/\/agenturfotografin.de\/index.php?rest_route=\/wp\/v2\/pages\/13\/revisions"}],"predecessor-version":[{"id":138,"href":"https:\/\/agenturfotografin.de\/index.php?rest_route=\/wp\/v2\/pages\/13\/revisions\/138"}],"wp:attachment":[{"href":"https:\/\/agenturfotografin.de\/index.php?rest_route=%2Fwp%2Fv2%2Fmedia&parent=13"}],"curies":[{"name":"wp","href":"https:\/\/api.w.org\/{rel}","templated":true}]}}