{"id":17,"date":"2020-03-12T17:14:28","date_gmt":"2020-03-12T16:14:28","guid":{"rendered":"http:\/\/agenturfotografin.de\/?page_id=17"},"modified":"2022-02-25T14:28:33","modified_gmt":"2022-02-25T13:28:33","slug":"vertraege","status":"publish","type":"page","link":"https:\/\/agenturfotografin.de\/?page_id=17","title":{"rendered":"Model-Vertr\u00e4ge"},"content":{"rendered":"\n<p class=\"has-text-color\" style=\"color:#0423c1;font-size:15px\">Alle Agenturen verlangen, dass f\u00fcr Fotos, auf denen Menschen erkennbar abgebildet sind, immer ein Model-Vertrag vorliegt (bzw Model-Vertr\u00e4ge bei mehreren Personen). Damit sch\u00fctzen sie sich vor Schadensersatzanspr\u00fcchen der abgebildeten Personen. Denn es w\u00e4re ja beispielsweise m\u00f6glich, dass Jemand Fotos, die er bei einem Kindergeburtstag von den niedlichen Nachbarskindern gemacht hat, anschlie\u00dfend verkaufen will, ohne die jeweiligen Eltern um Erlaubnis zu bitten. <\/p>\n\n\n\n<p class=\"has-text-color\" style=\"color:#0423c1;font-size:15px\">Fast jede Fotoagentur hat spezielle W\u00fcnsche, was genau in den Vertr\u00e4gen festgelegt werden muss. Damit ich nicht auf Dauer an nur eine einzige Agentur gebunden bin, habe ich mich schweren Herzens f\u00fcr den Text entschieden, den alle Bildagenturen akzeptieren, weil er all diese Bedingungen erf\u00fcllt. Schweren Herzens schreibe ich deshalb, weil sich da eine ganze Menge Kleingedrucktes ansammelt. Wen der Vertragstext verunsichert, dem kann ich versichern, dass jeden Tag weltweit viele Amateur- und Profi-Models solche (oder sehr \u00e4hnliche) Vertr\u00e4ge unterschreiben. Wie im Vertragstext schon steht, schlie\u00dfen die Agenturen in ihren Nutzungsbedingungen jedwede irgendwie diffamierende Verwendung aus, und diese Bedingungen sind sehr strikt.<\/p>\n\n\n\n<p class=\"has-text-color\" style=\"color:#0423c1;font-size:15px\">Damit die Vertr\u00e4ge weltweit g\u00fcltig sind, bevorzugen Fotoagenturen Vertr\u00e4ge in englisch und deswegen lasse ich mir die englische Version unterschreiben. Da nat\u00fcrlich nicht jeder (Juristen-) Englisch versteht, habe ich die deutsche \u00dcbersetzung als zweite Seite angef\u00fcgt. Den von mir benutzten Model-Vertrag sende ich Ihnen gerne vor einem Shooting zu, damit Sie Ihn sich in Ruhe anschauen k\u00f6nnen.<\/p>\n","protected":false},"excerpt":{"rendered":"<p>Alle Agenturen verlangen, dass f\u00fcr Fotos, auf denen Menschen erkennbar abgebildet sind, immer ein Model-Vertrag vorliegt (bzw Model-Vertr\u00e4ge bei mehreren Personen). Damit sch\u00fctzen sie sich vor Schadensersatzanspr\u00fcchen der abgebildeten Personen. Denn es w\u00e4re ja beispielsweise m\u00f6glich, dass Jemand Fotos, die er bei einem Kindergeburtstag von den niedlichen Nachbarskindern gemacht hat, anschlie\u00dfend verkaufen will, ohne die [&hellip;]<\/p>\n","protected":false},"author":1,"featured_media":0,"parent":0,"menu_order":4,"comment_status":"closed","ping_status":"closed","template":"","meta":{"footnotes":""},"class_list":["post-17","page","type-page","status-publish","hentry"],"_links":{"self":[{"href":"https:\/\/agenturfotografin.de\/index.php?rest_route=\/wp\/v2\/pages\/17","targetHints":{"allow":["GET"]}}],"collection":[{"href":"https:\/\/agenturfotografin.de\/index.php?rest_route=\/wp\/v2\/pages"}],"about":[{"href":"https:\/\/agenturfotografin.de\/index.php?rest_route=\/wp\/v2\/types\/page"}],"author":[{"embeddable":true,"href":"https:\/\/agenturfotografin.de\/index.php?rest_route=\/wp\/v2\/users\/1"}],"replies":[{"embeddable":true,"href":"https:\/\/agenturfotografin.de\/index.php?rest_route=%2Fwp%2Fv2%2Fcomments&post=17"}],"version-history":[{"count":11,"href":"https:\/\/agenturfotografin.de\/index.php?rest_route=\/wp\/v2\/pages\/17\/revisions"}],"predecessor-version":[{"id":133,"href":"https:\/\/agenturfotografin.de\/index.php?rest_route=\/wp\/v2\/pages\/17\/revisions\/133"}],"wp:attachment":[{"href":"https:\/\/agenturfotografin.de\/index.php?rest_route=%2Fwp%2Fv2%2Fmedia&parent=17"}],"curies":[{"name":"wp","href":"https:\/\/api.w.org\/{rel}","templated":true}]}}